{"id":169,"date":"2019-10-24T13:28:16","date_gmt":"2019-10-24T11:28:16","guid":{"rendered":"http:\/\/www.tplm.org\/balensons\/?page_id=169"},"modified":"2024-04-10T18:55:57","modified_gmt":"2024-04-10T16:55:57","slug":"contact","status":"publish","type":"page","link":"https:\/\/www.tplm.org\/onceuponalive\/contact\/","title":{"rendered":"Contact"},"content":{"rendered":"<p><img loading=\"lazy\" decoding=\"async\" class=\"size-medium wp-image-573 aligncenter\" src=\"https:\/\/www.tplm.org\/onceuponalive\/wp-content\/uploads\/2019\/11\/contact-icon-vector-10599257-300x295.png\" alt=\"\" width=\"300\" height=\"295\" srcset=\"https:\/\/www.tplm.org\/onceuponalive\/wp-content\/uploads\/2019\/11\/contact-icon-vector-10599257-300x295.png 300w, https:\/\/www.tplm.org\/onceuponalive\/wp-content\/uploads\/2019\/11\/contact-icon-vector-10599257-768x754.png 768w, https:\/\/www.tplm.org\/onceuponalive\/wp-content\/uploads\/2019\/11\/contact-icon-vector-10599257.png 908w\" sizes=\"auto, (max-width: 300px) 100vw, 300px\" \/><\/p>\n<h3 style=\"text-align: center;\"><strong>Once Upon A Live<\/strong><\/h3>\n<p style=\"text-align: center;\">N\u2019h\u00e9sitez pas \u00e0 nous contacter pour toute demande<\/p>\n<h3 style=\"text-align: center;\">Emilien Micard<\/h3>\n<p style=\"text-align: center;\"><strong>T\u00e9l :<\/strong> +33 6 31 46 01 89<\/p>\n<p style=\"text-align: center;\"><strong>email :<\/strong>\u00a0<a href=\"mailto:contact@tplm.org\">contact@tplm.org<\/a><\/p>\n<hr \/>\n<h2 style=\"text-align: center;\">Envoyer un message :<\/h2>\n<p style=\"text-align: center;\">\n<div class=\"wpcf7 no-js\" id=\"wpcf7-f877-o1\" lang=\"fr-FR\" dir=\"ltr\">\n<div class=\"screen-reader-response\"><p role=\"status\" aria-live=\"polite\" aria-atomic=\"true\"><\/p> <ul><\/ul><\/div>\n<form action=\"\/onceuponalive\/wp-json\/wp\/v2\/pages\/169#wpcf7-f877-o1\" method=\"post\" class=\"wpcf7-form init\" aria-label=\"Formulaire de contact\" novalidate=\"novalidate\" data-status=\"init\">\n<div style=\"display: none;\">\n<input type=\"hidden\" name=\"_wpcf7\" value=\"877\" \/>\n<input type=\"hidden\" name=\"_wpcf7_version\" value=\"5.9.2\" \/>\n<input type=\"hidden\" name=\"_wpcf7_locale\" value=\"fr_FR\" \/>\n<input type=\"hidden\" name=\"_wpcf7_unit_tag\" value=\"wpcf7-f877-o1\" \/>\n<input type=\"hidden\" name=\"_wpcf7_container_post\" value=\"0\" \/>\n<input type=\"hidden\" name=\"_wpcf7_posted_data_hash\" value=\"\" \/>\n<\/div>\n<p><label> Votre nom<br \/>\n<span class=\"wpcf7-form-control-wrap\" data-name=\"your-name\"><input size=\"40\" class=\"wpcf7-form-control wpcf7-text wpcf7-validates-as-required\" autocomplete=\"name\" aria-required=\"true\" aria-invalid=\"false\" value=\"\" type=\"text\" name=\"your-name\" \/><\/span> <\/label>\n<\/p>\n<p><label> Votre e-mail<br \/>\n<span class=\"wpcf7-form-control-wrap\" data-name=\"your-email\"><input size=\"40\" class=\"wpcf7-form-control wpcf7-email wpcf7-validates-as-required wpcf7-text wpcf7-validates-as-email\" autocomplete=\"email\" aria-required=\"true\" aria-invalid=\"false\" value=\"\" type=\"email\" name=\"your-email\" \/><\/span> <\/label>\n<\/p>\n<p><label> Objet<br \/>\n<span class=\"wpcf7-form-control-wrap\" data-name=\"your-subject\"><input size=\"40\" class=\"wpcf7-form-control wpcf7-text wpcf7-validates-as-required\" aria-required=\"true\" aria-invalid=\"false\" value=\"\" type=\"text\" name=\"your-subject\" \/><\/span> <\/label>\n<\/p>\n<p><label> Votre message (facultatif)<br \/>\n<span class=\"wpcf7-form-control-wrap\" data-name=\"your-message\"><textarea cols=\"40\" rows=\"10\" class=\"wpcf7-form-control wpcf7-textarea\" aria-invalid=\"false\" name=\"your-message\"><\/textarea><\/span> <\/label>\n<\/p>\n<p><input class=\"wpcf7-form-control wpcf7-submit has-spinner\" type=\"submit\" value=\"Envoyer\" \/>\n<\/p><p style=\"display: none !important;\" class=\"akismet-fields-container\" data-prefix=\"_wpcf7_ak_\"><label>&#916;<textarea name=\"_wpcf7_ak_hp_textarea\" cols=\"45\" rows=\"8\" maxlength=\"100\"><\/textarea><\/label><input type=\"hidden\" id=\"ak_js_1\" name=\"_wpcf7_ak_js\" value=\"23\"\/><script>document.getElementById( \"ak_js_1\" ).setAttribute( \"value\", ( new Date() ).getTime() );<\/script><\/p><div class=\"wpcf7-response-output\" aria-hidden=\"true\"><\/div>\n<\/form>\n<\/div>\n<\/p>\n<p>&nbsp;<\/p>\n","protected":false},"excerpt":{"rendered":"<p>Once Upon A Live N\u2019h\u00e9sitez pas \u00e0 nous contacter pour toute demande Emilien Micard T\u00e9l : +33 6 31 46 01 89 email :\u00a0contact@tplm.org Envoyer un message : &nbsp;<\/p>\n","protected":false},"author":1,"featured_media":0,"parent":0,"menu_order":0,"comment_status":"closed","ping_status":"closed","template":"","meta":{"footnotes":""},"class_list":["post-169","page","type-page","status-publish","hentry"],"yoast_head":"<!-- This site is optimized with the Yoast SEO plugin v22.3 - https:\/\/yoast.com\/wordpress\/plugins\/seo\/ -->\n<title>Contact - Once Upon a Live orchestre Vari\u00e9t\u00e9 Vosges Nancy Meurthe-et-Moselle Epinal Groupe Musique concert tplm Tout Pour La Musique<\/title>\n<meta name=\"description\" content=\"Contact Once Upon A Live\" \/>\n<meta name=\"robots\" content=\"index, follow, max-snippet:-1, max-image-preview:large, max-video-preview:-1\" \/>\n<link rel=\"canonical\" href=\"https:\/\/www.tplm.org\/onceuponalive\/contact\/\" \/>\n<meta property=\"og:locale\" content=\"fr_FR\" \/>\n<meta property=\"og:type\" content=\"article\" \/>\n<meta property=\"og:title\" content=\"Contact - Once Upon a Live orchestre Vari\u00e9t\u00e9 Vosges Nancy Meurthe-et-Moselle Epinal Groupe Musique concert tplm Tout Pour La Musique\" \/>\n<meta property=\"og:description\" content=\"Contact Once Upon A Live\" \/>\n<meta property=\"og:url\" content=\"https:\/\/www.tplm.org\/onceuponalive\/contact\/\" \/>\n<meta property=\"og:site_name\" content=\"Once Upon a Live\" \/>\n<meta property=\"article:publisher\" content=\"https:\/\/www.facebook.com\/onceuponalive2\/\" \/>\n<meta property=\"article:modified_time\" content=\"2024-04-10T16:55:57+00:00\" \/>\n<meta property=\"og:image\" content=\"https:\/\/www.tplm.org\/onceuponalive\/wp-content\/uploads\/2019\/11\/contact-icon-vector-10599257-300x295.png\" \/>\n<meta name=\"twitter:card\" content=\"summary_large_image\" \/>\n<meta name=\"twitter:label1\" content=\"Dur\u00e9e de lecture estim\u00e9e\" \/>\n\t<meta name=\"twitter:data1\" content=\"1 minute\" \/>\n<script type=\"application\/ld+json\" class=\"yoast-schema-graph\">{\"@context\":\"https:\/\/schema.org\",\"@graph\":[{\"@type\":\"WebPage\",\"@id\":\"https:\/\/www.tplm.org\/onceuponalive\/contact\/\",\"url\":\"https:\/\/www.tplm.org\/onceuponalive\/contact\/\",\"name\":\"Contact - Once Upon a Live orchestre Vari\u00e9t\u00e9 Vosges Nancy Meurthe-et-Moselle Epinal Groupe Musique concert tplm Tout Pour La Musique\",\"isPartOf\":{\"@id\":\"https:\/\/www.tplm.org\/onceuponalive\/#website\"},\"primaryImageOfPage\":{\"@id\":\"https:\/\/www.tplm.org\/onceuponalive\/contact\/#primaryimage\"},\"image\":{\"@id\":\"https:\/\/www.tplm.org\/onceuponalive\/contact\/#primaryimage\"},\"thumbnailUrl\":\"https:\/\/www.tplm.org\/onceuponalive\/wp-content\/uploads\/2019\/11\/contact-icon-vector-10599257-300x295.png\",\"datePublished\":\"2019-10-24T11:28:16+00:00\",\"dateModified\":\"2024-04-10T16:55:57+00:00\",\"description\":\"Contact Once Upon A Live\",\"breadcrumb\":{\"@id\":\"https:\/\/www.tplm.org\/onceuponalive\/contact\/#breadcrumb\"},\"inLanguage\":\"fr-FR\",\"potentialAction\":[{\"@type\":\"ReadAction\",\"target\":[\"https:\/\/www.tplm.org\/onceuponalive\/contact\/\"]}]},{\"@type\":\"ImageObject\",\"inLanguage\":\"fr-FR\",\"@id\":\"https:\/\/www.tplm.org\/onceuponalive\/contact\/#primaryimage\",\"url\":\"https:\/\/www.tplm.org\/onceuponalive\/wp-content\/uploads\/2019\/11\/contact-icon-vector-10599257.png\",\"contentUrl\":\"https:\/\/www.tplm.org\/onceuponalive\/wp-content\/uploads\/2019\/11\/contact-icon-vector-10599257.png\",\"width\":908,\"height\":892},{\"@type\":\"BreadcrumbList\",\"@id\":\"https:\/\/www.tplm.org\/onceuponalive\/contact\/#breadcrumb\",\"itemListElement\":[{\"@type\":\"ListItem\",\"position\":1,\"name\":\"Accueil\",\"item\":\"https:\/\/www.tplm.org\/onceuponalive\/\"},{\"@type\":\"ListItem\",\"position\":2,\"name\":\"Contact\"}]},{\"@type\":\"WebSite\",\"@id\":\"https:\/\/www.tplm.org\/onceuponalive\/#website\",\"url\":\"https:\/\/www.tplm.org\/onceuponalive\/\",\"name\":\"Once Upon a Live\",\"description\":\"\",\"publisher\":{\"@id\":\"https:\/\/www.tplm.org\/onceuponalive\/#organization\"},\"potentialAction\":[{\"@type\":\"SearchAction\",\"target\":{\"@type\":\"EntryPoint\",\"urlTemplate\":\"https:\/\/www.tplm.org\/onceuponalive\/?s={search_term_string}\"},\"query-input\":\"required name=search_term_string\"}],\"inLanguage\":\"fr-FR\"},{\"@type\":\"Organization\",\"@id\":\"https:\/\/www.tplm.org\/onceuponalive\/#organization\",\"name\":\"Once Upon a Live\",\"url\":\"https:\/\/www.tplm.org\/onceuponalive\/\",\"logo\":{\"@type\":\"ImageObject\",\"inLanguage\":\"fr-FR\",\"@id\":\"https:\/\/www.tplm.org\/onceuponalive\/#\/schema\/logo\/image\/\",\"url\":\"https:\/\/www.tplm.org\/onceuponalive\/wp-content\/uploads\/2024\/03\/cropped-LogoOnceUponALive-Rond.png\",\"contentUrl\":\"https:\/\/www.tplm.org\/onceuponalive\/wp-content\/uploads\/2024\/03\/cropped-LogoOnceUponALive-Rond.png\",\"width\":512,\"height\":512,\"caption\":\"Once Upon a Live\"},\"image\":{\"@id\":\"https:\/\/www.tplm.org\/onceuponalive\/#\/schema\/logo\/image\/\"},\"sameAs\":[\"https:\/\/www.facebook.com\/onceuponalive2\/\"]}]}<\/script>\n<!-- \/ Yoast SEO plugin. -->","yoast_head_json":{"title":"Contact - Once Upon a Live orchestre Vari\u00e9t\u00e9 Vosges Nancy Meurthe-et-Moselle Epinal Groupe Musique concert tplm Tout Pour La Musique","description":"Contact Once Upon A Live","robots":{"index":"index","follow":"follow","max-snippet":"max-snippet:-1","max-image-preview":"max-image-preview:large","max-video-preview":"max-video-preview:-1"},"canonical":"https:\/\/www.tplm.org\/onceuponalive\/contact\/","og_locale":"fr_FR","og_type":"article","og_title":"Contact - Once Upon a Live orchestre Vari\u00e9t\u00e9 Vosges Nancy Meurthe-et-Moselle Epinal Groupe Musique concert tplm Tout Pour La Musique","og_description":"Contact Once Upon A Live","og_url":"https:\/\/www.tplm.org\/onceuponalive\/contact\/","og_site_name":"Once Upon a Live","article_publisher":"https:\/\/www.facebook.com\/onceuponalive2\/","article_modified_time":"2024-04-10T16:55:57+00:00","og_image":[{"url":"https:\/\/www.tplm.org\/onceuponalive\/wp-content\/uploads\/2019\/11\/contact-icon-vector-10599257-300x295.png"}],"twitter_card":"summary_large_image","twitter_misc":{"Dur\u00e9e de lecture estim\u00e9e":"1 minute"},"schema":{"@context":"https:\/\/schema.org","@graph":[{"@type":"WebPage","@id":"https:\/\/www.tplm.org\/onceuponalive\/contact\/","url":"https:\/\/www.tplm.org\/onceuponalive\/contact\/","name":"Contact - Once Upon a Live orchestre Vari\u00e9t\u00e9 Vosges Nancy Meurthe-et-Moselle Epinal Groupe Musique concert tplm Tout Pour La Musique","isPartOf":{"@id":"https:\/\/www.tplm.org\/onceuponalive\/#website"},"primaryImageOfPage":{"@id":"https:\/\/www.tplm.org\/onceuponalive\/contact\/#primaryimage"},"image":{"@id":"https:\/\/www.tplm.org\/onceuponalive\/contact\/#primaryimage"},"thumbnailUrl":"https:\/\/www.tplm.org\/onceuponalive\/wp-content\/uploads\/2019\/11\/contact-icon-vector-10599257-300x295.png","datePublished":"2019-10-24T11:28:16+00:00","dateModified":"2024-04-10T16:55:57+00:00","description":"Contact Once Upon A Live","breadcrumb":{"@id":"https:\/\/www.tplm.org\/onceuponalive\/contact\/#breadcrumb"},"inLanguage":"fr-FR","potentialAction":[{"@type":"ReadAction","target":["https:\/\/www.tplm.org\/onceuponalive\/contact\/"]}]},{"@type":"ImageObject","inLanguage":"fr-FR","@id":"https:\/\/www.tplm.org\/onceuponalive\/contact\/#primaryimage","url":"https:\/\/www.tplm.org\/onceuponalive\/wp-content\/uploads\/2019\/11\/contact-icon-vector-10599257.png","contentUrl":"https:\/\/www.tplm.org\/onceuponalive\/wp-content\/uploads\/2019\/11\/contact-icon-vector-10599257.png","width":908,"height":892},{"@type":"BreadcrumbList","@id":"https:\/\/www.tplm.org\/onceuponalive\/contact\/#breadcrumb","itemListElement":[{"@type":"ListItem","position":1,"name":"Accueil","item":"https:\/\/www.tplm.org\/onceuponalive\/"},{"@type":"ListItem","position":2,"name":"Contact"}]},{"@type":"WebSite","@id":"https:\/\/www.tplm.org\/onceuponalive\/#website","url":"https:\/\/www.tplm.org\/onceuponalive\/","name":"Once Upon a Live","description":"","publisher":{"@id":"https:\/\/www.tplm.org\/onceuponalive\/#organization"},"potentialAction":[{"@type":"SearchAction","target":{"@type":"EntryPoint","urlTemplate":"https:\/\/www.tplm.org\/onceuponalive\/?s={search_term_string}"},"query-input":"required name=search_term_string"}],"inLanguage":"fr-FR"},{"@type":"Organization","@id":"https:\/\/www.tplm.org\/onceuponalive\/#organization","name":"Once Upon a Live","url":"https:\/\/www.tplm.org\/onceuponalive\/","logo":{"@type":"ImageObject","inLanguage":"fr-FR","@id":"https:\/\/www.tplm.org\/onceuponalive\/#\/schema\/logo\/image\/","url":"https:\/\/www.tplm.org\/onceuponalive\/wp-content\/uploads\/2024\/03\/cropped-LogoOnceUponALive-Rond.png","contentUrl":"https:\/\/www.tplm.org\/onceuponalive\/wp-content\/uploads\/2024\/03\/cropped-LogoOnceUponALive-Rond.png","width":512,"height":512,"caption":"Once Upon a Live"},"image":{"@id":"https:\/\/www.tplm.org\/onceuponalive\/#\/schema\/logo\/image\/"},"sameAs":["https:\/\/www.facebook.com\/onceuponalive2\/"]}]}},"_links":{"self":[{"href":"https:\/\/www.tplm.org\/onceuponalive\/wp-json\/wp\/v2\/pages\/169","targetHints":{"allow":["GET"]}}],"collection":[{"href":"https:\/\/www.tplm.org\/onceuponalive\/wp-json\/wp\/v2\/pages"}],"about":[{"href":"https:\/\/www.tplm.org\/onceuponalive\/wp-json\/wp\/v2\/types\/page"}],"author":[{"embeddable":true,"href":"https:\/\/www.tplm.org\/onceuponalive\/wp-json\/wp\/v2\/users\/1"}],"replies":[{"embeddable":true,"href":"https:\/\/www.tplm.org\/onceuponalive\/wp-json\/wp\/v2\/comments?post=169"}],"version-history":[{"count":2,"href":"https:\/\/www.tplm.org\/onceuponalive\/wp-json\/wp\/v2\/pages\/169\/revisions"}],"predecessor-version":[{"id":1003,"href":"https:\/\/www.tplm.org\/onceuponalive\/wp-json\/wp\/v2\/pages\/169\/revisions\/1003"}],"wp:attachment":[{"href":"https:\/\/www.tplm.org\/onceuponalive\/wp-json\/wp\/v2\/media?parent=169"}],"curies":[{"name":"wp","href":"https:\/\/api.w.org\/{rel}","templated":true}]}}